{"id":1533,"date":"2024-04-25T15:44:08","date_gmt":"2024-04-25T13:44:08","guid":{"rendered":"https:\/\/ybl.uni-obuda.hu\/almok-epitoi-lesztek\/?page_id=1533"},"modified":"2024-07-17T13:41:15","modified_gmt":"2024-07-17T11:41:15","slug":"ybl-konferencia","status":"publish","type":"page","link":"https:\/\/ybl.uni-obuda.hu\/almok-epitoi-lesztek\/ybl-konferencia\/","title":{"rendered":"Konferencia YBL"},"content":{"rendered":"\t\t<div data-elementor-type=\"wp-page\" data-elementor-id=\"1533\" class=\"elementor elementor-1533\" data-elementor-post-type=\"page\">\n\t\t\t\t<div class=\"elementor-element elementor-element-90f71c2 e-con-full e-flex e-con e-parent\" data-id=\"90f71c2\" data-element_type=\"container\" data-e-type=\"container\">\n\t\t<div class=\"elementor-element elementor-element-0017b32 e-con-full e-flex elementor-invisible e-con e-child\" data-id=\"0017b32\" data-element_type=\"container\" data-e-type=\"container\" data-settings=\"{&quot;animation&quot;:&quot;slideInLeft&quot;}\">\n\t\t\t\t<div class=\"elementor-element elementor-element-b63e6ba elementor-widget elementor-widget-heading\" data-id=\"b63e6ba\" data-element_type=\"widget\" data-e-type=\"widget\" data-widget_type=\"heading.default\">\n\t\t\t\t<div class=\"elementor-widget-container\">\n\t\t\t\t\t<h1 class=\"elementor-heading-title elementor-size-default\">YBL KONFERENCIA<\/h1>\t\t\t\t<\/div>\n\t\t\t\t<\/div>\n\t\t\t\t<div class=\"elementor-element elementor-element-fc94225 elementor-widget elementor-widget-heading\" data-id=\"fc94225\" data-element_type=\"widget\" data-e-type=\"widget\" data-widget_type=\"heading.default\">\n\t\t\t\t<div class=\"elementor-widget-container\">\n\t\t\t\t\t<h3 class=\"elementor-heading-title elementor-size-default\">Budapest, Th\u00f6k\u00f6ly \u00fat 74, 1146<\/h3>\t\t\t\t<\/div>\n\t\t\t\t<\/div>\n\t\t\t\t<div class=\"elementor-element elementor-element-a26df5d elementor-widget elementor-widget-heading\" data-id=\"a26df5d\" data-element_type=\"widget\" data-e-type=\"widget\" data-widget_type=\"heading.default\">\n\t\t\t\t<div class=\"elementor-widget-container\">\n\t\t\t\t\t<h3 class=\"elementor-heading-title elementor-size-default\">2024. 05. 17.<\/h3>\t\t\t\t<\/div>\n\t\t\t\t<\/div>\n\t\t\t\t<div class=\"elementor-element elementor-element-0895876 elementor-widget elementor-widget-text-editor\" data-id=\"0895876\" data-element_type=\"widget\" data-e-type=\"widget\" data-widget_type=\"text-editor.default\">\n\t\t\t\t<div class=\"elementor-widget-container\">\n\t\t\t\t\t\t\t\t\t<p>\u00a0\u00d3budai Egyetem, Ybl Mikl\u00f3s \u00c9p\u00edt\u00e9studom\u00e1nyi Kar 2024 \u00e9vi, Ybl Mikl\u00f3s sz\u00fclet\u00e9s\u00e9nek 210 \u00e9vfordul\u00f3j\u00e1t \u00fcnnepl\u0151 nemzetk\u00f6zi konferenci\u00e1t szervezett, melyen az \u00c1lmok \u00c9p\u00edt\u0151i lesztek! program is bemutatkozott.<\/p>\t\t\t\t\t\t\t\t<\/div>\n\t\t\t\t<\/div>\n\t\t\t\t<\/div>\n\t\t<div class=\"elementor-element elementor-element-2dd2697 e-con-full e-flex elementor-invisible e-con e-child\" data-id=\"2dd2697\" data-element_type=\"container\" data-e-type=\"container\" data-settings=\"{&quot;background_background&quot;:&quot;classic&quot;,&quot;animation&quot;:&quot;slideInRight&quot;}\">\n\t\t\t\t<div class=\"elementor-element elementor-element-58654be elementor-widget__width-inherit elementor-widget elementor-widget-html\" data-id=\"58654be\" data-element_type=\"widget\" data-e-type=\"widget\" data-widget_type=\"html.default\">\n\t\t\t\t<div class=\"elementor-widget-container\">\n\t\t\t\t\t<iframe src=\"https:\/\/www.google.com\/maps\/embed?pb=!1m18!1m12!1m3!1d2695.0831825315177!2d19.088990278329373!3d47.50777123111735!2m3!1f0!2f0!3f0!3m2!1i1024!2i768!4f13.1!3m3!1m2!1s0x4741dc8150847443%3A0xa1fa285f01d2e5d0!2sYbl%20Mikl%C3%B3s%20Faculty%20of%20Building%20Science!5e0!3m2!1sen!2shu!4v1720791987514!5m2!1sen!2shu\" width=\"600\" height=\"450\" style=\"border:0;\" allowfullscreen=\"\" loading=\"lazy\" referrerpolicy=\"no-referrer-when-downgrade\"><\/iframe>\n\t\t\t\t<\/div>\n\t\t\t\t<\/div>\n\t\t\t\t<\/div>\n\t\t\t\t<\/div>\n\t\t<div class=\"elementor-element elementor-element-700231b e-con-full e-flex e-con e-parent\" data-id=\"700231b\" data-element_type=\"container\" data-e-type=\"container\" data-settings=\"{&quot;background_background&quot;:&quot;classic&quot;}\">\n\t\t<div class=\"elementor-element elementor-element-2ff1bbd e-flex e-con-boxed e-con e-child\" data-id=\"2ff1bbd\" data-element_type=\"container\" data-e-type=\"container\">\n\t\t\t\t\t<div class=\"e-con-inner\">\n\t\t<div class=\"elementor-element elementor-element-82ccac4 e-con-full e-flex e-con e-child\" data-id=\"82ccac4\" data-element_type=\"container\" data-e-type=\"container\">\n\t\t<div class=\"elementor-element elementor-element-9e8ef63 e-con-full e-flex e-con e-child\" data-id=\"9e8ef63\" data-element_type=\"container\" data-e-type=\"container\" data-settings=\"{&quot;background_background&quot;:&quot;classic&quot;}\">\n\t\t\t\t<div class=\"elementor-element elementor-element-4db227b e-transform e-transform elementor-widget elementor-widget-image\" data-id=\"4db227b\" data-element_type=\"widget\" data-e-type=\"widget\" data-settings=\"{&quot;_transform_translateX_effect_hover&quot;:{&quot;unit&quot;:&quot;px&quot;,&quot;size&quot;:20,&quot;sizes&quot;:[]},&quot;_transform_translateY_effect_hover&quot;:{&quot;unit&quot;:&quot;px&quot;,&quot;size&quot;:20,&quot;sizes&quot;:[]},&quot;_transform_scale_effect_hover&quot;:{&quot;unit&quot;:&quot;px&quot;,&quot;size&quot;:1,&quot;sizes&quot;:[]},&quot;_transform_translateX_effect_hover_tablet&quot;:{&quot;unit&quot;:&quot;px&quot;,&quot;size&quot;:&quot;&quot;,&quot;sizes&quot;:[]},&quot;_transform_translateX_effect_hover_mobile&quot;:{&quot;unit&quot;:&quot;px&quot;,&quot;size&quot;:&quot;&quot;,&quot;sizes&quot;:[]},&quot;_transform_translateY_effect_hover_tablet&quot;:{&quot;unit&quot;:&quot;px&quot;,&quot;size&quot;:&quot;&quot;,&quot;sizes&quot;:[]},&quot;_transform_translateY_effect_hover_mobile&quot;:{&quot;unit&quot;:&quot;px&quot;,&quot;size&quot;:&quot;&quot;,&quot;sizes&quot;:[]},&quot;_transform_scale_effect_hover_tablet&quot;:{&quot;unit&quot;:&quot;px&quot;,&quot;size&quot;:&quot;&quot;,&quot;sizes&quot;:[]},&quot;_transform_scale_effect_hover_mobile&quot;:{&quot;unit&quot;:&quot;px&quot;,&quot;size&quot;:&quot;&quot;,&quot;sizes&quot;:[]}}\" data-widget_type=\"image.default\">\n\t\t\t\t<div class=\"elementor-widget-container\">\n\t\t\t\t\t\t\t\t\t\t\t\t\t\t\t<img fetchpriority=\"high\" decoding=\"async\" width=\"465\" height=\"1024\" src=\"https:\/\/ybl.uni-obuda.hu\/almok-epitoi-lesztek\/wp-content\/uploads\/2024\/07\/yblkonferencia-scaled-e1720805773598-465x1024.jpg\" class=\"attachment-large size-large wp-image-1646\" alt=\"\" srcset=\"https:\/\/ybl.uni-obuda.hu\/almok-epitoi-lesztek\/wp-content\/uploads\/2024\/07\/yblkonferencia-scaled-e1720805773598-465x1024.jpg 465w, https:\/\/ybl.uni-obuda.hu\/almok-epitoi-lesztek\/wp-content\/uploads\/2024\/07\/yblkonferencia-scaled-e1720805773598-136x300.jpg 136w, https:\/\/ybl.uni-obuda.hu\/almok-epitoi-lesztek\/wp-content\/uploads\/2024\/07\/yblkonferencia-scaled-e1720805773598-768x1691.jpg 768w, https:\/\/ybl.uni-obuda.hu\/almok-epitoi-lesztek\/wp-content\/uploads\/2024\/07\/yblkonferencia-scaled-e1720805773598-698x1536.jpg 698w, https:\/\/ybl.uni-obuda.hu\/almok-epitoi-lesztek\/wp-content\/uploads\/2024\/07\/yblkonferencia-scaled-e1720805773598-930x2048.jpg 930w, https:\/\/ybl.uni-obuda.hu\/almok-epitoi-lesztek\/wp-content\/uploads\/2024\/07\/yblkonferencia-scaled-e1720805773598.jpg 1163w\" sizes=\"(max-width: 465px) 100vw, 465px\" \/>\t\t\t\t\t\t\t\t\t\t\t\t\t\t\t<\/div>\n\t\t\t\t<\/div>\n\t\t<div class=\"elementor-element elementor-element-1d87439 e-flex e-con-boxed e-con e-child\" data-id=\"1d87439\" data-element_type=\"container\" data-e-type=\"container\">\n\t\t\t\t\t<div class=\"e-con-inner\">\n\t\t<div class=\"elementor-element elementor-element-12e08be e-flex e-con-boxed e-con e-child\" data-id=\"12e08be\" data-element_type=\"container\" data-e-type=\"container\" data-settings=\"{&quot;background_background&quot;:&quot;classic&quot;}\">\n\t\t\t\t\t<div class=\"e-con-inner\">\n\t\t\t\t<div class=\"elementor-element elementor-element-01e027c elementor-icon-list--layout-traditional elementor-list-item-link-full_width elementor-widget elementor-widget-icon-list\" data-id=\"01e027c\" data-element_type=\"widget\" data-e-type=\"widget\" data-widget_type=\"icon-list.default\">\n\t\t\t\t<div class=\"elementor-widget-container\">\n\t\t\t\t\t\t\t<ul class=\"elementor-icon-list-items\">\n\t\t\t\t\t\t\t<li class=\"elementor-icon-list-item\">\n\t\t\t\t\t\t\t\t\t\t\t<span class=\"elementor-icon-list-icon\">\n\t\t\t\t\t\t\t<svg aria-hidden=\"true\" class=\"e-font-icon-svg e-fas-pencil-ruler\" viewBox=\"0 0 512 512\" xmlns=\"http:\/\/www.w3.org\/2000\/svg\"><path d=\"M109.46 244.04l134.58-134.56-44.12-44.12-61.68 61.68a7.919 7.919 0 0 1-11.21 0l-11.21-11.21c-3.1-3.1-3.1-8.12 0-11.21l61.68-61.68-33.64-33.65C131.47-3.1 111.39-3.1 99 9.29L9.29 99c-12.38 12.39-12.39 32.47 0 44.86l100.17 100.18zm388.47-116.8c18.76-18.76 18.75-49.17 0-67.93l-45.25-45.25c-18.76-18.76-49.18-18.76-67.95 0l-46.02 46.01 113.2 113.2 46.02-46.03zM316.08 82.71l-297 296.96L.32 487.11c-2.53 14.49 10.09 27.11 24.59 24.56l107.45-18.84L429.28 195.9 316.08 82.71zm186.63 285.43l-33.64-33.64-61.68 61.68c-3.1 3.1-8.12 3.1-11.21 0l-11.21-11.21c-3.09-3.1-3.09-8.12 0-11.21l61.68-61.68-44.14-44.14L267.93 402.5l100.21 100.2c12.39 12.39 32.47 12.39 44.86 0l89.71-89.7c12.39-12.39 12.39-32.47 0-44.86z\"><\/path><\/svg>\t\t\t\t\t\t<\/span>\n\t\t\t\t\t\t\t\t\t\t<span class=\"elementor-icon-list-text\">\u00c9p\u00edt\u00e9studom\u00e1nyi kar<\/span>\n\t\t\t\t\t\t\t\t\t<\/li>\n\t\t\t\t\t\t<\/ul>\n\t\t\t\t\t\t<\/div>\n\t\t\t\t<\/div>\n\t\t\t\t\t<\/div>\n\t\t\t\t<\/div>\n\t\t\t\t\t<\/div>\n\t\t\t\t<\/div>\n\t\t\t\t<\/div>\n\t\t\t\t<\/div>\n\t\t<div class=\"elementor-element elementor-element-c3e4362 e-con-full e-flex e-con e-child\" data-id=\"c3e4362\" data-element_type=\"container\" data-e-type=\"container\" data-settings=\"{&quot;background_background&quot;:&quot;classic&quot;}\">\n\t\t\t\t<div class=\"elementor-element elementor-element-2a7acf1 elementor-widget elementor-widget-heading\" data-id=\"2a7acf1\" data-element_type=\"widget\" data-e-type=\"widget\" data-widget_type=\"heading.default\">\n\t\t\t\t<div class=\"elementor-widget-container\">\n\t\t\t\t\t<h1 class=\"elementor-heading-title elementor-size-default\"><span style=\"font-size: 56px\">Az esem\u00e9ny r\u00e9szletei<\/span><\/h1>\t\t\t\t<\/div>\n\t\t\t\t<\/div>\n\t\t<div class=\"elementor-element elementor-element-166be4a e-con-full e-flex e-con e-child\" data-id=\"166be4a\" data-element_type=\"container\" data-e-type=\"container\" data-settings=\"{&quot;background_background&quot;:&quot;classic&quot;}\">\n\t\t\t\t<div class=\"elementor-element elementor-element-89d7d85 elementor-widget elementor-widget-toggle\" data-id=\"89d7d85\" data-element_type=\"widget\" data-e-type=\"widget\" data-widget_type=\"toggle.default\">\n\t\t\t\t<div class=\"elementor-widget-container\">\n\t\t\t\t\t\t\t<div class=\"elementor-toggle\">\n\t\t\t\t\t\t\t<div class=\"elementor-toggle-item\">\n\t\t\t\t\t<div id=\"elementor-tab-title-1441\" class=\"elementor-tab-title\" data-tab=\"1\" role=\"button\" aria-controls=\"elementor-tab-content-1441\" aria-expanded=\"false\">\n\t\t\t\t\t\t\t\t\t\t\t\t<span class=\"elementor-toggle-icon elementor-toggle-icon-left\" aria-hidden=\"true\">\n\t\t\t\t\t\t\t\t\t\t\t\t\t\t\t<span class=\"elementor-toggle-icon-closed\"><svg class=\"e-font-icon-svg e-fas-chevron-down\" viewBox=\"0 0 448 512\" xmlns=\"http:\/\/www.w3.org\/2000\/svg\"><path d=\"M207.029 381.476L12.686 187.132c-9.373-9.373-9.373-24.569 0-33.941l22.667-22.667c9.357-9.357 24.522-9.375 33.901-.04L224 284.505l154.745-154.021c9.379-9.335 24.544-9.317 33.901.04l22.667 22.667c9.373 9.373 9.373 24.569 0 33.941L240.971 381.476c-9.373 9.372-24.569 9.372-33.942 0z\"><\/path><\/svg><\/span>\n\t\t\t\t\t\t\t\t<span class=\"elementor-toggle-icon-opened\"><svg class=\"elementor-toggle-icon-opened e-font-icon-svg e-fas-chevron-up\" viewBox=\"0 0 448 512\" xmlns=\"http:\/\/www.w3.org\/2000\/svg\"><path d=\"M240.971 130.524l194.343 194.343c9.373 9.373 9.373 24.569 0 33.941l-22.667 22.667c-9.357 9.357-24.522 9.375-33.901.04L224 227.495 69.255 381.516c-9.379 9.335-24.544 9.317-33.901-.04l-22.667-22.667c-9.373-9.373-9.373-24.569 0-33.941L207.03 130.525c9.372-9.373 24.568-9.373 33.941-.001z\"><\/path><\/svg><\/span>\n\t\t\t\t\t\t\t\t\t\t\t\t\t<\/span>\n\t\t\t\t\t\t\t\t\t\t\t\t<a class=\"elementor-toggle-title\" tabindex=\"0\">K\u00f6zrem\u0171k\u00f6d\u0151k<\/a>\n\t\t\t\t\t<\/div>\n\n\t\t\t\t\t<div id=\"elementor-tab-content-1441\" class=\"elementor-tab-content elementor-clearfix\" data-tab=\"1\" role=\"region\" aria-labelledby=\"elementor-tab-title-1441\"><h6 class=\"elementor-element elementor-element-7234553 elementor-widget elementor-widget-heading\" data-id=\"7234553\" data-element_type=\"widget\" data-widget_type=\"heading.default\">Prof. Dr. Anthony John Gall PhD &#8211; D\u00e9k\u00e1n, Egyetemi tan\u00e1r<\/h6><h6>Dr. Sug\u00e1r Vikt\u00f3ria PHD &#8211; \u00c9p\u00edt\u00e9szm\u00e9rn\u00f6ki int\u00e9zetigazgat\u00f3, Egyetemi docens<\/h6><h6>Prof. DR. Csontos Gy\u00f6rgyi DLA &#8211; Egyetemi tan\u00e1r<\/h6><h6>Dr. Macsinka Kl\u00e1ra PHD &#8211;\u00a0Egyetemi docens, Szakfelel\u0151s<\/h6><h6>Mizsei Anett &#8211; Egyetemi tan\u00e1rseg\u00e9d<\/h6><h6>Janurikn\u00e9 Dr. Solt\u00e9sz Erika &#8211; Int\u00e9zetigazgat\u00f3-helyettes, Egyetemi adjunktus<\/h6><h6>Dr. F\u00e1cz\u00e1nyi Zsuzsanna &#8211; Kutat\u00e1si d\u00e9k\u00e1nhelyettes, Egyetemi docens<\/h6><\/div>\n\t\t\t\t<\/div>\n\t\t\t\t\t\t\t<div class=\"elementor-toggle-item\">\n\t\t\t\t\t<div id=\"elementor-tab-title-1442\" class=\"elementor-tab-title\" data-tab=\"2\" role=\"button\" aria-controls=\"elementor-tab-content-1442\" aria-expanded=\"false\">\n\t\t\t\t\t\t\t\t\t\t\t\t<span class=\"elementor-toggle-icon elementor-toggle-icon-left\" aria-hidden=\"true\">\n\t\t\t\t\t\t\t\t\t\t\t\t\t\t\t<span class=\"elementor-toggle-icon-closed\"><svg class=\"e-font-icon-svg e-fas-chevron-down\" viewBox=\"0 0 448 512\" xmlns=\"http:\/\/www.w3.org\/2000\/svg\"><path d=\"M207.029 381.476L12.686 187.132c-9.373-9.373-9.373-24.569 0-33.941l22.667-22.667c9.357-9.357 24.522-9.375 33.901-.04L224 284.505l154.745-154.021c9.379-9.335 24.544-9.317 33.901.04l22.667 22.667c9.373 9.373 9.373 24.569 0 33.941L240.971 381.476c-9.373 9.372-24.569 9.372-33.942 0z\"><\/path><\/svg><\/span>\n\t\t\t\t\t\t\t\t<span class=\"elementor-toggle-icon-opened\"><svg class=\"elementor-toggle-icon-opened e-font-icon-svg e-fas-chevron-up\" viewBox=\"0 0 448 512\" xmlns=\"http:\/\/www.w3.org\/2000\/svg\"><path d=\"M240.971 130.524l194.343 194.343c9.373 9.373 9.373 24.569 0 33.941l-22.667 22.667c-9.357 9.357-24.522 9.375-33.901.04L224 227.495 69.255 381.516c-9.379 9.335-24.544 9.317-33.901-.04l-22.667-22.667c-9.373-9.373-9.373-24.569 0-33.941L207.03 130.525c9.372-9.373 24.568-9.373 33.941-.001z\"><\/path><\/svg><\/span>\n\t\t\t\t\t\t\t\t\t\t\t\t\t<\/span>\n\t\t\t\t\t\t\t\t\t\t\t\t<a class=\"elementor-toggle-title\" tabindex=\"0\">Ki\u00e1ll\u00edt\u00e1s<\/a>\n\t\t\t\t\t<\/div>\n\n\t\t\t\t\t<div id=\"elementor-tab-content-1442\" class=\"elementor-tab-content elementor-clearfix\" data-tab=\"2\" role=\"region\" aria-labelledby=\"elementor-tab-title-1442\"><p>A program el\u0151ad\u00f3i k\u00fcl\u00f6nb\u00f6z\u0151 ter\u00fcleteken \u00e9rtek el sikereket \u00e9s ezt a diverzit\u00e1st egy v\u00e1ndorki\u00e1ll\u00edt\u00e1s form\u00e1j\u00e1ban \u00f6sszegzik. A ki\u00e1ll\u00edtott \u00e9p\u00edt\u00e9szeti tabl\u00f3k lehet\u0151s\u00e9get biztos\u00edtanak arra, hogy a r\u00e9sztvev\u0151k naprak\u00e9sz inform\u00e1ci\u00f3kat kapjanak az aktu\u00e1lis \u00e9p\u00edt\u00e9szeti trendekr\u0151l, technol\u00f3gi\u00e1kr\u00f3l \u00e9s innov\u00e1ci\u00f3kr\u00f3l. Az ilyen esem\u00e9nyeken val\u00f3 r\u00e9szv\u00e9tel hozz\u00e1j\u00e1rul a szem\u00e9lyes fejl\u0151d\u00e9shez, hiszen a r\u00e9sztvev\u0151k \u00faj perspekt\u00edv\u00e1kat ismerhetnek meg \u00e9s b\u0151v\u00edthetik l\u00e1t\u00f3k\u00f6r\u00fcket.<\/p><\/div>\n\t\t\t\t<\/div>\n\t\t\t\t\t\t\t\t<\/div>\n\t\t\t\t\t\t<\/div>\n\t\t\t\t<\/div>\n\t\t\t\t<\/div>\n\t\t\t\t<\/div>\n\t\t\t\t\t<\/div>\n\t\t\t\t<\/div>\n\t\t\t\t<\/div>\n\t\t<div class=\"elementor-element elementor-element-502c5b1 e-con-full e-flex e-con e-parent\" data-id=\"502c5b1\" data-element_type=\"container\" data-e-type=\"container\" data-settings=\"{&quot;background_background&quot;:&quot;classic&quot;}\">\n\t\t\t\t<div class=\"elementor-element elementor-element-6ff5e72 elementor-widget elementor-widget-gallery\" data-id=\"6ff5e72\" data-element_type=\"widget\" data-e-type=\"widget\" data-settings=\"{&quot;gallery_layout&quot;:&quot;masonry&quot;,&quot;lazyload&quot;:&quot;yes&quot;,&quot;columns&quot;:4,&quot;columns_tablet&quot;:2,&quot;columns_mobile&quot;:1,&quot;gap&quot;:{&quot;unit&quot;:&quot;px&quot;,&quot;size&quot;:10,&quot;sizes&quot;:[]},&quot;gap_tablet&quot;:{&quot;unit&quot;:&quot;px&quot;,&quot;size&quot;:10,&quot;sizes&quot;:[]},&quot;gap_mobile&quot;:{&quot;unit&quot;:&quot;px&quot;,&quot;size&quot;:10,&quot;sizes&quot;:[]},&quot;link_to&quot;:&quot;file&quot;,&quot;overlay_background&quot;:&quot;yes&quot;,&quot;content_hover_animation&quot;:&quot;fade-in&quot;}\" data-widget_type=\"gallery.default\">\n\t\t\t\t<div class=\"elementor-widget-container\">\n\t\t\t\t\t\t\t<div class=\"elementor-gallery__container\">\n\t\t\t\t\t\t\t<a class=\"e-gallery-item elementor-gallery-item elementor-animated-content\" href=\"https:\/\/ybl.uni-obuda.hu\/almok-epitoi-lesztek\/wp-content\/uploads\/2024\/07\/konferencia.jpg\" data-elementor-open-lightbox=\"yes\" data-elementor-lightbox-slideshow=\"6ff5e72\" data-elementor-lightbox-title=\"konferencia\" data-e-action-hash=\"#elementor-action%3Aaction%3Dlightbox%26settings%3DeyJpZCI6MTY0NywidXJsIjoiaHR0cHM6XC9cL3libC51bmktb2J1ZGEuaHVcL2FsbW9rLWVwaXRvaS1sZXN6dGVrXC93cC1jb250ZW50XC91cGxvYWRzXC8yMDI0XC8wN1wva29uZmVyZW5jaWEuanBnIiwic2xpZGVzaG93IjoiNmZmNWU3MiJ9\">\n\t\t\t\t\t<div class=\"e-gallery-image elementor-gallery-item__image\" data-thumbnail=\"https:\/\/ybl.uni-obuda.hu\/almok-epitoi-lesztek\/wp-content\/uploads\/2024\/07\/konferencia-1024x531.jpg\" data-width=\"800\" data-height=\"415\" aria-label=\"\" role=\"img\" ><\/div>\n\t\t\t\t\t\t\t\t\t\t\t<div class=\"elementor-gallery-item__overlay\"><\/div>\n\t\t\t\t\t\t\t\t\t\t\t\t\t\t<\/a>\n\t\t\t\t\t\t\t<a class=\"e-gallery-item elementor-gallery-item elementor-animated-content\" href=\"https:\/\/ybl.uni-obuda.hu\/almok-epitoi-lesztek\/wp-content\/uploads\/2024\/07\/konf.jpg\" data-elementor-open-lightbox=\"yes\" data-elementor-lightbox-slideshow=\"6ff5e72\" data-elementor-lightbox-title=\"konf\" data-e-action-hash=\"#elementor-action%3Aaction%3Dlightbox%26settings%3DeyJpZCI6MTY0OCwidXJsIjoiaHR0cHM6XC9cL3libC51bmktb2J1ZGEuaHVcL2FsbW9rLWVwaXRvaS1sZXN6dGVrXC93cC1jb250ZW50XC91cGxvYWRzXC8yMDI0XC8wN1wva29uZi5qcGciLCJzbGlkZXNob3ciOiI2ZmY1ZTcyIn0%3D\">\n\t\t\t\t\t<div class=\"e-gallery-image elementor-gallery-item__image\" data-thumbnail=\"https:\/\/ybl.uni-obuda.hu\/almok-epitoi-lesztek\/wp-content\/uploads\/2024\/07\/konf-625x1024.jpg\" data-width=\"625\" data-height=\"1024\" aria-label=\"\" role=\"img\" ><\/div>\n\t\t\t\t\t\t\t\t\t\t\t<div class=\"elementor-gallery-item__overlay\"><\/div>\n\t\t\t\t\t\t\t\t\t\t\t\t\t\t<\/a>\n\t\t\t\t\t\t\t<a class=\"e-gallery-item elementor-gallery-item elementor-animated-content\" href=\"https:\/\/ybl.uni-obuda.hu\/almok-epitoi-lesztek\/wp-content\/uploads\/2024\/07\/434645084_858095279665485_5093330078847209335_n-scaled.webp\" data-elementor-open-lightbox=\"yes\" data-elementor-lightbox-slideshow=\"6ff5e72\" data-elementor-lightbox-title=\"434645084_858095279665485_5093330078847209335_n\" data-e-action-hash=\"#elementor-action%3Aaction%3Dlightbox%26settings%3DeyJpZCI6MTY0OSwidXJsIjoiaHR0cHM6XC9cL3libC51bmktb2J1ZGEuaHVcL2FsbW9rLWVwaXRvaS1sZXN6dGVrXC93cC1jb250ZW50XC91cGxvYWRzXC8yMDI0XC8wN1wvNDM0NjQ1MDg0Xzg1ODA5NTI3OTY2NTQ4NV81MDkzMzMwMDc4ODQ3MjA5MzM1X24tc2NhbGVkLndlYnAiLCJzbGlkZXNob3ciOiI2ZmY1ZTcyIn0%3D\">\n\t\t\t\t\t<div class=\"e-gallery-image elementor-gallery-item__image\" data-thumbnail=\"https:\/\/ybl.uni-obuda.hu\/almok-epitoi-lesztek\/wp-content\/uploads\/2024\/07\/434645084_858095279665485_5093330078847209335_n-1024x465.webp\" data-width=\"800\" data-height=\"363\" aria-label=\"\" role=\"img\" ><\/div>\n\t\t\t\t\t\t\t\t\t\t\t<div class=\"elementor-gallery-item__overlay\"><\/div>\n\t\t\t\t\t\t\t\t\t\t\t\t\t\t<\/a>\n\t\t\t\t\t\t\t<a class=\"e-gallery-item elementor-gallery-item elementor-animated-content\" href=\"https:\/\/ybl.uni-obuda.hu\/almok-epitoi-lesztek\/wp-content\/uploads\/2024\/07\/448853861_906294798178866_3751849593477114236_n.webp\" data-elementor-open-lightbox=\"yes\" data-elementor-lightbox-slideshow=\"6ff5e72\" data-elementor-lightbox-title=\"448853861_906294798178866_3751849593477114236_n\" data-e-action-hash=\"#elementor-action%3Aaction%3Dlightbox%26settings%3DeyJpZCI6MTY1MCwidXJsIjoiaHR0cHM6XC9cL3libC51bmktb2J1ZGEuaHVcL2FsbW9rLWVwaXRvaS1sZXN6dGVrXC93cC1jb250ZW50XC91cGxvYWRzXC8yMDI0XC8wN1wvNDQ4ODUzODYxXzkwNjI5NDc5ODE3ODg2Nl8zNzUxODQ5NTkzNDc3MTE0MjM2X24ud2VicCIsInNsaWRlc2hvdyI6IjZmZjVlNzIifQ%3D%3D\">\n\t\t\t\t\t<div class=\"e-gallery-image elementor-gallery-item__image\" data-thumbnail=\"https:\/\/ybl.uni-obuda.hu\/almok-epitoi-lesztek\/wp-content\/uploads\/2024\/07\/448853861_906294798178866_3751849593477114236_n-1024x768.webp\" data-width=\"800\" data-height=\"600\" aria-label=\"\" role=\"img\" ><\/div>\n\t\t\t\t\t\t\t\t\t\t\t<div class=\"elementor-gallery-item__overlay\"><\/div>\n\t\t\t\t\t\t\t\t\t\t\t\t\t\t<\/a>\n\t\t\t\t\t<\/div>\n\t\t\t\t\t<\/div>\n\t\t\t\t<\/div>\n\t\t\t\t<\/div>\n\t\t\t\t<\/div>\n\t\t","protected":false},"excerpt":{"rendered":"<p>YBL KONFERENCIA Budapest, Th\u00f6k\u00f6ly \u00fat 74, 1146 2024. 05. 17. \u00a0\u00d3budai Egyetem, Ybl Mikl\u00f3s \u00c9p\u00edt\u00e9studom\u00e1nyi Kar 2024 \u00e9vi, Ybl Mikl\u00f3s sz\u00fclet\u00e9s\u00e9nek 210 \u00e9vfordul\u00f3j\u00e1t \u00fcnnepl\u0151 nemzetk\u00f6zi konferenci\u00e1t szervezett, melyen az \u00c1lmok \u00c9p\u00edt\u0151i lesztek! program is bemutatkozott. \u00c9p\u00edt\u00e9studom\u00e1nyi kar Az esem\u00e9ny r\u00e9szletei K\u00f6zrem\u0171k\u00f6d\u0151k Prof. Dr. Anthony John Gall PhD &#8211; D\u00e9k\u00e1n, Egyetemi tan\u00e1r Dr. Sug\u00e1r Vikt\u00f3ria PHD [&hellip;]<\/p>\n","protected":false},"author":4,"featured_media":0,"parent":0,"menu_order":10,"comment_status":"closed","ping_status":"closed","template":"","meta":{"footnotes":""},"class_list":["post-1533","page","type-page","status-publish","hentry"],"_links":{"self":[{"href":"https:\/\/ybl.uni-obuda.hu\/almok-epitoi-lesztek\/wp-json\/wp\/v2\/pages\/1533","targetHints":{"allow":["GET"]}}],"collection":[{"href":"https:\/\/ybl.uni-obuda.hu\/almok-epitoi-lesztek\/wp-json\/wp\/v2\/pages"}],"about":[{"href":"https:\/\/ybl.uni-obuda.hu\/almok-epitoi-lesztek\/wp-json\/wp\/v2\/types\/page"}],"author":[{"embeddable":true,"href":"https:\/\/ybl.uni-obuda.hu\/almok-epitoi-lesztek\/wp-json\/wp\/v2\/users\/4"}],"replies":[{"embeddable":true,"href":"https:\/\/ybl.uni-obuda.hu\/almok-epitoi-lesztek\/wp-json\/wp\/v2\/comments?post=1533"}],"version-history":[{"count":25,"href":"https:\/\/ybl.uni-obuda.hu\/almok-epitoi-lesztek\/wp-json\/wp\/v2\/pages\/1533\/revisions"}],"predecessor-version":[{"id":1738,"href":"https:\/\/ybl.uni-obuda.hu\/almok-epitoi-lesztek\/wp-json\/wp\/v2\/pages\/1533\/revisions\/1738"}],"wp:attachment":[{"href":"https:\/\/ybl.uni-obuda.hu\/almok-epitoi-lesztek\/wp-json\/wp\/v2\/media?parent=1533"}],"curies":[{"name":"wp","href":"https:\/\/api.w.org\/{rel}","templated":true}]}}